{"id":514,"date":"2024-09-04T09:42:37","date_gmt":"2024-09-04T07:42:37","guid":{"rendered":"https:\/\/funclima.com\/?page_id=514"},"modified":"2024-09-04T11:03:04","modified_gmt":"2024-09-04T09:03:04","slug":"aviso-legal","status":"publish","type":"page","link":"https:\/\/funclima.com\/en\/aviso-legal\/","title":{"rendered":"Aviso legal"},"content":{"rendered":"<h3><b>Propietario:<\/b><\/h3>\n<p><span style=\"font-weight: 400;\">El propietario de esta web y de sus contenidos y a quien puedes dirigirte es:<\/span><\/p>\n<p><b>Nombre de la empresa<\/b><span style=\"font-weight: 400;\">: Funclima S.L<\/span><\/p>\n<p><b>Nombre comercial<\/b><span style=\"font-weight: 400;\">: Funclima<\/span><\/p>\n<p><b>NIF: B44639425<\/b><\/p>\n<p><b>Direcci\u00f3n<\/b><span style=\"font-weight: 400;\">: C\/ Periodista Barrios Talavera N\u00ba6, 18014 Granada<\/span><\/p>\n<p><b>La actividad de esta web es: <\/b><span style=\"font-weight: 400;\">Climatizaci\u00f3n para eventos<\/span><\/p>\n<p><b>Correo electr\u00f3nico:<\/b><span style=\"font-weight: 400;\"> fanclimaevent@gmail.com<\/span><\/p>\n<p><span style=\"font-weight: 400;\">\u00a0<\/span><\/p>\n<h3><b>Condiciones de uso.<\/b><\/h3>\n<p><span style=\"font-weight: 400;\">El acceso y\/o uso de este<\/span><b> portal de Funclima <\/b><span style=\"font-weight: 400;\">atribuye la condici\u00f3n de<\/span><b> USUARIO, <\/b><span style=\"font-weight: 400;\">que acepta, desde dicho acceso y\/o uso, las Condiciones Generales de Uso aqu\u00ed reflejadas. Las citadas Condiciones ser\u00e1n de aplicaci\u00f3n independientemente de las Condiciones Generales de Compra que en su caso resulten de obligado cumplimiento.<\/span><\/p>\n<p><span style=\"font-weight: 400;\">Para ello os comentamos cuales son las condiciones del acuerdo.<\/span><\/p>\n<p><span style=\"font-weight: 400;\">\u00a0<\/span><\/p>\n<h3><b>Finalidad de esta web:<\/b><\/h3>\n<p><span style=\"font-weight: 400;\">La finalidad de esta web, es informar de los distintos servicios y productos de <\/span><b>Funclima.<\/b><\/p>\n<p><span style=\"font-weight: 400;\">Compromisos para ti como usuario, para nosotros como propietarios de uso de la web:<\/span><\/p>\n<p><b>https:\/\/funclima.com\/<\/b><span style=\"font-weight: 400;\"> proporciona el acceso a multitud de informaciones, servicios, programas o datos (en adelante, \u201clos contenidos\u201d) en Internet pertenecientes a Funclima a sus licenciantes a los que el USUARIO pueda tener acceso.<\/span><\/p>\n<p><span style=\"font-weight: 400;\">El USUARIO asume la responsabilidad del uso del portal. Dicha responsabilidad se extiende al registro que fuese necesario para acceder a determinados servicios o contenidos.<\/span><\/p>\n<p><span style=\"font-weight: 400;\">En dicho registro el USUARIO ser\u00e1 responsable de aportar informaci\u00f3n veraz y l\u00edcita. Como consecuencia de este registro, al USUARIO se le puede proporcionar una contrase\u00f1a de la que ser\u00e1 responsable, comprometi\u00e9ndose a hacer un uso diligente y confidencial de la misma.<\/span><\/p>\n<p><span style=\"font-weight: 400;\">El USUARIO se compromete a hacer un uso adecuado de los contenidos y servicios (como por ejemplo servicios de chat o comentarios) que Funclima ofrece a trav\u00e9s de su portal y con car\u00e1cter enunciativo pero no limitativo, a no emplearlos para:<\/span><\/p>\n<ul>\n<li style=\"font-weight: 400;\" aria-level=\"1\"><span style=\"font-weight: 400;\">Incurrir en actividades il\u00edcitas, ilegales o contrarias a la buena fe y al orden p\u00fablico.<\/span><\/li>\n<li style=\"font-weight: 400;\" aria-level=\"1\"><span style=\"font-weight: 400;\">Difundir contenidos o propaganda de car\u00e1cter racista, xen\u00f3fobo, pornogr\u00e1fico-ilegal, de apolog\u00eda del terrorismo o atentatorio contra los derechos humanos;<\/span><\/li>\n<li style=\"font-weight: 400;\" aria-level=\"1\"><span style=\"font-weight: 400;\">Provocar da\u00f1os en los sistemas f\u00edsicos y l\u00f3gicos de Nombre de la empresa creadora del sitio web , de sus proveedores o de terceras personas, introducir o difundir en la red virus inform\u00e1ticos o cualesquiera otros sistemas f\u00edsicos o l\u00f3gicos que sean susceptibles de provocar los da\u00f1os anteriormente mencionados<\/span><\/li>\n<li style=\"font-weight: 400;\" aria-level=\"1\"><span style=\"font-weight: 400;\">Intentar acceder y, en su caso, utilizar las cuentas de correo electr\u00f3nico de otros usuarios y modificar o manipular sus mensajes.<\/span><\/li>\n<\/ul>\n<p><span style=\"font-weight: 400;\">Funclima se reserva el derecho de retirar todos aquellos comentarios y aportaciones que vulneren el respeto a la dignidad de la persona, que sean discriminatorios, xen\u00f3fobos, racistas, pornogr\u00e1ficos, que atenten contra la juventud o la infancia, el orden o la seguridad p\u00fablica o que, a su juicio, no resultan adecuados para su publicaci\u00f3n.<\/span><\/p>\n<p><span style=\"font-weight: 400;\">En cualquier caso, Funclima <\/span><b>\u00a0<\/b><span style=\"font-weight: 400;\">no ser\u00e1 responsable de las opiniones vertidas por los usuarios a trav\u00e9s de los comentarios, chats, u otras herramientas de participaci\u00f3n.<\/span><\/p>\n<p><span style=\"font-weight: 400;\">\u00a0<\/span><\/p>\n<h3><b>Medidas de seguridad<\/b><\/h3>\n<p><b>Funclima <\/b><span style=\"font-weight: 400;\">pone a disposici\u00f3n del usuario las medidas t\u00e9cnicas en seguridad de la web, de sus usuarios y sus datos.<\/span><\/p>\n<p><span style=\"font-weight: 400;\">Para ello <\/span><b>utiliza un canal de transmisi\u00f3n de datos seguro, como es el protocolo https<\/b><span style=\"font-weight: 400;\">, que consiste en la transmisi\u00f3n de datos cifrados. De esta forma garantizamos la seguridad de los datos y su confidencialidad.<\/span><\/p>\n<p><span style=\"font-weight: 400;\">De igual forma estamos expuestos igual como cualquier otra web a ataques externos que pudieran vulnerar las medidas de seguridad. En ese caso el usuario ser\u00eda informado del ataque ya que adoptamos las medidas de seguridad que los detectan.<\/span><\/p>\n<p><span style=\"font-weight: 400;\">Todo dato personal suministrado por el usuario son administrado en bases de datos propiedad de Funclima. Para ello asumimos las medidas de seguridad antes mencionadas en confidencialidad, integridad y calidad de la informaci\u00f3n.<\/span><\/p>\n<p><span style=\"font-weight: 400;\">\u00a0<\/span><\/p>\n<h3><b>Propiedad intelectual e industrial<\/b><\/h3>\n<p><b>Funclima es titular de todos los derechos de esta publicaci\u00f3n digital as\u00ed como de los derechos de propiedad industrial e intelectual referidos a los contenidos que se incluyan<\/b><span style=\"font-weight: 400;\">, a excepci\u00f3n de los derechos sobre productos y servicios de car\u00e1cter p\u00fablico que no son propiedad de esta empresa.<\/span><\/p>\n<p><b>Ning\u00fan material publicado en esta web podr\u00e1 ser reproducido, copiado o publicado<\/b><span style=\"font-weight: 400;\"> sin nuestro consentimiento por escrito, Funclima.<\/span><\/p>\n<p><b>Toda la informaci\u00f3n que se reciba en la web, como comentarios, sugerencias o ideas, se considerar\u00e1 cedida<\/b><span style=\"font-weight: 400;\"> a Funclima<\/span> <span style=\"font-weight: 400;\">de manera gratuita. No debe enviarse informaci\u00f3n que NO pueda ser tratada de este modo.<\/span><\/p>\n<p><span style=\"font-weight: 400;\">Funclima a su vez declara que utiliza contenido original o con el consentimiento de sus autores. Si has visto contenido que pueda violar tus derechos de propiedad puedes ponerte en contacto con nosotros en:<\/span><\/p>\n<p><span style=\"font-weight: 400;\">fanclimaevent@gmail.com<\/span><\/p>\n<p><span style=\"font-weight: 400;\">Indic\u00e1ndonos tus datos personales y los derechos que presuntamente se han violado.<\/span><\/p>\n<p><span style=\"font-weight: 400;\">\u00a0<\/span><\/p>\n<h3><b>Enlaces externos.<\/b><\/h3>\n<p><span style=\"font-weight: 400;\">Todos los enlaces externos hacia otras web que utilizamos en nuestro blog tienen como finalidad <\/span><b>ampliar la informaci\u00f3n del contenido que creamos y aporte m\u00e1s informaci\u00f3n al usuario.<\/b><\/p>\n<p><span style=\"font-weight: 400;\">Estos son contenidos de terceros por tanto no nos responsabilizamos en ning\u00fan caso de los resultados que puedan derivarse al Usuario por acceso a dichos enlaces.<\/span><\/p>\n<p><span style=\"font-weight: 400;\">Debido a ello siempre contrastamos y enlazamos a sitios de confianza que ofrecen garant\u00edas a los usuarios. Si detectas que alg\u00fan enlace en esta web no cumple con los par\u00e1metros, puedes ponerte en contacto con nosotros a trav\u00e9s del correo:<\/span><\/p>\n<p><span style=\"font-weight: 400;\">fanclimaevent@gmail.com<\/span><\/p>\n<p><span style=\"font-weight: 400;\">As\u00ed tambi\u00e9n otras webs de otros propietarios pueden enlazar a nuestro contenido. De ellos esperamos sea por el mismo motivo, ampliar conocimiento y el de los intereses a sus lectores.<\/span><\/p>\n<p><span style=\"font-weight: 400;\">El <\/span><b>enlace entre esta web y otras web y a la inversa no implica relaci\u00f3n entre esta web y el propietario de la otra web ni la aceptaci\u00f3n o aprobaci\u00f3n de sus contenidos.<\/b><\/p>\n<p><b>No ofrecemos enlaces de afiliados en nuestro contenido<\/b><span style=\"font-weight: 400;\">, en el caso de que en un futuro se hiciera, siempre ser\u00eda bajo la misma \u00f3ptica de ofrecer informaci\u00f3n de valor para nuestros usuarios.<\/span><\/p>\n<h3><b>Exclusi\u00f3n de garant\u00edas y responsabilidad<\/b><\/h3>\n<p><span style=\"font-weight: 400;\">Funclima no se hace responsable, en ning\u00fan caso, de los da\u00f1os y perjuicios de cualquier naturaleza que pudieran ocasionar, a t\u00edtulo enunciativo: errores u omisiones en los contenidos, falta de disponibilidad del portal o la transmisi\u00f3n de virus o programas maliciosos o lesivos en los contenidos, a pesar de haber adoptado todas las medidas tecnol\u00f3gicas necesarias para evitarlo.<\/span><\/p>\n<h4><b>Modificaciones<\/b><\/h4>\n<p><span style=\"font-weight: 400;\">Funclima se reserva el derecho de efectuar sin previo aviso las modificaciones que considere oportunas en su portal, pudiendo cambiar, suprimir o a\u00f1adir tanto los contenidos y servicios que se presten a trav\u00e9s de la misma como la forma en la que \u00e9stos aparezcan presentados o localizados en su portal.<\/span><\/p>\n<h3><b>Derecho de exclusi\u00f3n<\/b><\/h3>\n<p><span style=\"font-weight: 400;\">Funclima creadora del sitio web se reserva el derecho a denegar o retirar el acceso a portal y\/o los servicios ofrecidos sin necesidad de pre-aviso, a instancia propia o de un tercero, a aquellos usuarios que incumplan las presentes Condiciones Generales de Uso.<\/span><\/p>\n<h3><b>Generalidades<\/b><\/h3>\n<p><span style=\"font-weight: 400;\">Funclima perseguir\u00e1 el incumplimiento de las presentes condiciones as\u00ed como cualquier utilizaci\u00f3n indebida de su portal ejerciendo todas las acciones civiles y penales que le puedan corresponder en derecho.<\/span><\/p>\n<h4><b>Modificaci\u00f3n de las presentes condiciones y duraci\u00f3n<\/b><\/h4>\n<p><span style=\"font-weight: 400;\">Funclima podr\u00e1 modificar en cualquier momento las condiciones aqu\u00ed determinadas, siendo debidamente publicadas como aqu\u00ed aparecen. La vigencia de las citadas condiciones ir\u00e1 en funci\u00f3n de su exposici\u00f3n y estar\u00e1n vigentes hasta que sean modificadas por otras debidamente publicadas.<\/span><\/p>\n<h3><b>Ley aplicable y jurisdicci\u00f3n<\/b><\/h3>\n<p><span style=\"font-weight: 400;\">Para cualquier controversia o cuesti\u00f3n que pudiera haber relacionada con esta web, las leyes aplicables son la de la legislaci\u00f3n y jurisdicci\u00f3n espa\u00f1olas.<\/span><\/p>","protected":false},"excerpt":{"rendered":"<p>Propietario: El propietario de esta web y de sus contenidos y a quien puedes dirigirte es: Nombre de la empresa: Funclima S.L Nombre comercial: Funclima NIF: B44639425 Direcci\u00f3n: C\/ Periodista Barrios Talavera N\u00ba6, 18014 Granada La actividad de esta web es: Climatizaci\u00f3n para eventos Correo electr\u00f3nico: fanclimaevent@gmail.com \u00a0 Condiciones de uso. El acceso y\/o uso [&hellip;]<\/p>","protected":false},"author":3,"featured_media":0,"parent":0,"menu_order":0,"comment_status":"closed","ping_status":"open","template":"elementor_theme","meta":{"footnotes":""},"class_list":["post-514","page","type-page","status-publish","hentry"],"_links":{"self":[{"href":"https:\/\/funclima.com\/en\/wp-json\/wp\/v2\/pages\/514","targetHints":{"allow":["GET"]}}],"collection":[{"href":"https:\/\/funclima.com\/en\/wp-json\/wp\/v2\/pages"}],"about":[{"href":"https:\/\/funclima.com\/en\/wp-json\/wp\/v2\/types\/page"}],"author":[{"embeddable":true,"href":"https:\/\/funclima.com\/en\/wp-json\/wp\/v2\/users\/3"}],"replies":[{"embeddable":true,"href":"https:\/\/funclima.com\/en\/wp-json\/wp\/v2\/comments?post=514"}],"version-history":[{"count":2,"href":"https:\/\/funclima.com\/en\/wp-json\/wp\/v2\/pages\/514\/revisions"}],"predecessor-version":[{"id":516,"href":"https:\/\/funclima.com\/en\/wp-json\/wp\/v2\/pages\/514\/revisions\/516"}],"wp:attachment":[{"href":"https:\/\/funclima.com\/en\/wp-json\/wp\/v2\/media?parent=514"}],"curies":[{"name":"wp","href":"https:\/\/api.w.org\/{rel}","templated":true}]}}