{"id":517,"date":"2024-09-04T09:59:49","date_gmt":"2024-09-04T07:59:49","guid":{"rendered":"https:\/\/funclima.com\/?page_id=517"},"modified":"2024-09-04T11:28:13","modified_gmt":"2024-09-04T09:28:13","slug":"politica-de-privacidad","status":"publish","type":"page","link":"https:\/\/funclima.com\/en\/politica-de-privacidad\/","title":{"rendered":"Pol\u00edtica de privacidad"},"content":{"rendered":"<p><span style=\"font-weight: 400;\">En la pol\u00edtica de privacidad en la que est\u00e1s, y que hemos redactado para que nuestros usuarios puedan tener conocimiento y navegar con la tranquilidad de saber qu\u00e9, d\u00f3nde, c\u00f3mo y por qu\u00e9 se les solicitan los datos.<\/span><\/p>\n<p><span style=\"font-weight: 400;\">Para ello redactamos esta pol\u00edtica de privacidad, adem\u00e1s de ser un requisito obligatorio para cualquier web que solicite datos a sus usuarios.<\/span><\/p>\n<h3><b>Leyes aplicables<\/b><\/h3>\n<p><span style=\"font-weight: 400;\">En esta web se aplican las leyes y jurisprudencia espa\u00f1ola bajo el sometimiento de estas 3 leyes:<\/span><\/p>\n<ul>\n<li style=\"font-weight: 400;\" aria-level=\"1\"><span style=\"font-weight: 400;\">RGPD (<\/span><a href=\"https:\/\/www.boe.es\/doue\/2016\/119\/L00001-00088.pdf\" target=\"_blank\" rel=\"noopener\"><span style=\"font-weight: 400;\">Reglamento (UE) 2016\/679 del Parlamento Europeo y del Consejo de 27 de abril de 2016 relativo a la protecci\u00f3n de las personas f\u00edsicas<\/span><\/a><span style=\"font-weight: 400;\">)<\/span><\/li>\n<li style=\"font-weight: 400;\" aria-level=\"1\"><span style=\"font-weight: 400;\">La LOPD (<\/span><a href=\"https:\/\/www.boe.es\/buscar\/doc.php?id=BOE-A-1999-23750\" target=\"_blank\" rel=\"noopener\"><span style=\"font-weight: 400;\">Ley Org\u00e1nica 15\/1999, de 13 de diciembre, de Protecci\u00f3n de Datos de Car\u00e1cter Personal<\/span><\/a><span style=\"font-weight: 400;\"> y <\/span><a href=\"https:\/\/www.boe.es\/buscar\/doc.php?id=BOE-A-2008-979\" target=\"_blank\" rel=\"noopener\"><span style=\"font-weight: 400;\">Real Decreto 1720\/2007, de 21 de diciembre, el Reglamento de desarrollo de la LOPD<\/span><\/a><span style=\"font-weight: 400;\">)<\/span><\/li>\n<li style=\"font-weight: 400;\" aria-level=\"1\"><span style=\"font-weight: 400;\">La LSSI (<\/span><a href=\"http:\/\/www.boe.es\/buscar\/doc.php?id=BOE-A-2002-13758\" target=\"_blank\" rel=\"noopener\"><span style=\"font-weight: 400;\">Ley 34\/2002, de 11 de julio, de Servicios de la Sociedad de la Informaci\u00f3n y Comercio Electr\u00f3nico<\/span><\/a><span style=\"font-weight: 400;\">).<\/span><\/li>\n<\/ul>\n<p><span style=\"font-weight: 400;\">\u00a0<\/span><\/p>\n<h3><b>Propietario y responsable de la web<\/b><\/h3>\n<p><span style=\"font-weight: 400;\">El propietario de esta web y de sus contenidos y a quien puedes dirigirte es:<\/span><\/p>\n<p><b>Nombre de la empresa:<\/b><span style=\"font-weight: 400;\">Funclima S.L<\/span><\/p>\n<p><b>Nombre comercial<\/b><span style=\"font-weight: 400;\">: Funclima<\/span><\/p>\n<p><b>NIF <\/b><span style=\"font-weight: 400;\">: B44639425<\/span><\/p>\n<p><b>Domicilio Social<\/b><span style=\"font-weight: 400;\">: C\/ Periodista Barrios Talavera N\u00ba6, 18014 Granada<\/span><\/p>\n<p><b>La actividad de esta web es<\/b><span style=\"font-weight: 400;\">: Climatizaci\u00f3n para eventos<\/span><\/p>\n<p><b>Correo electr\u00f3nico<\/b><span style=\"font-weight: 400;\">: fanclimaevent@gmail.com<\/span><\/p>\n<p><span style=\"font-weight: 400;\">Funclima como responsable de la web confirma que <\/span><b>es el titular del fichero de datos de car\u00e1cter personal llamado <\/b><span style=\"font-weight: 400;\">\u201cP\u00e1gina web Funclima\u201d\u00a0 ficheros de car\u00e1cter personal presentado ante el RGPD (Registro General de Protecci\u00f3n de Datos) en la que<\/span><b> los datos quedan registrados en una base de datos bajo la responsabilidad de Funclima y son tratados con el fin de responder a la finalidad para las que son solicitados y explicados<\/b><span style=\"font-weight: 400;\"> m\u00e1s detalladamente m\u00e1s adelante en esta pol\u00edtica de privacidad.<\/span><\/p>\n<p><span style=\"font-weight: 400;\">Como por ejemplo, responder a las solicitudes, gestionar las suscripciones a nuestros contenidos, moderar los comentarios o enviar la informaci\u00f3n que solicite el usuario.<\/span><\/p>\n<h3><b>Solicitud de datos personales<\/b><\/h3>\n<p><b>Solicitamos datos personales s\u00f3lo y estrictamente cuando sea necesario<\/b><span style=\"font-weight: 400;\">. De esta forma solo solicitamos los datos m\u00ednimos necesarios en las distintas formas de comunicaci\u00f3n entre el usuario y esta web.<\/span><\/p>\n<p><span style=\"font-weight: 400;\">Solicitamos datos personales en las siguientes situaciones:<\/span><\/p>\n<ul>\n<li style=\"font-weight: 400;\" aria-level=\"1\"><b>Cuando te pongas en contacto con nosotros<\/b> <b>a trav\u00e9s de cualquier formulario solicitando informaci\u00f3n o cualquier otra consulta<\/b><span style=\"font-weight: 400;\">. Los datos que solicitamos son Nombre\u00a0 email y tel\u00e9fono (de manera opcional) y el mensaje que quieras escribir.<\/span><\/li>\n<li style=\"font-weight: 400;\" aria-level=\"1\"><b>Cuando quieras suscribirte al contenido del blog a trav\u00e9s de la newsletter<\/b><span style=\"font-weight: 400;\">. Los datos que solicitamos son el Nombre y el email.<\/span><\/li>\n<li style=\"font-weight: 400;\" aria-level=\"1\"><b>Cuando quieras hacer alg\u00fan comentario en los art\u00edculos del blog<\/b><span style=\"font-weight: 400;\">. Los datos que solicitamos son Nombre, email, la direcci\u00f3n web (de manera opcional) y el comentario que deseas escribir.<\/span><\/li>\n<li style=\"font-weight: 400;\" aria-level=\"1\"><b>Cuando quieras descargar alg\u00fan contenido que requiera de suscripci\u00f3n o registro<\/b><span style=\"font-weight: 400;\">. Los datos que solicitamos son nombre, empresa y correo electr\u00f3nico.<\/span><\/li>\n<\/ul>\n<p><b>Al facilitar esta informaci\u00f3n, t\u00fa como Usuario das tu consentimiento para que tu informaci\u00f3n sea recopilada, utilizada, gestionada y almacenada en Funclima como hemos mencionado en el Aviso legal<\/b><span style=\"font-weight: 400;\">.<\/span><\/p>\n<p><span style=\"font-weight: 400;\">Al visitar la p\u00e1gina los usuarios en internet dejan datos no personales pero identificativos a los que Funclima tiene acceso debido a las cookies que integra y est\u00e1n explicadas en la pol\u00edtica de cookies mediante las herramientas de terceros que implementa en esta web:<\/span><\/p>\n<ul>\n<li style=\"font-weight: 400;\" aria-level=\"1\"><span style=\"font-weight: 400;\">Google analytics<\/span><\/li>\n<\/ul>\n<p><span style=\"font-weight: 400;\">Estos datos indentificativos son:<\/span><\/p>\n<ul>\n<li style=\"font-weight: 400;\" aria-level=\"1\"><span style=\"font-weight: 400;\">Direcci\u00f3n IP.<\/span><\/li>\n<li style=\"font-weight: 400;\" aria-level=\"1\"><span style=\"font-weight: 400;\">Dispositivo<\/span><\/li>\n<li style=\"font-weight: 400;\" aria-level=\"1\"><span style=\"font-weight: 400;\">N\u00famero de clics<\/span><\/li>\n<li style=\"font-weight: 400;\" aria-level=\"1\"><span style=\"font-weight: 400;\">P\u00e1gina de entrada y salida.<\/span><\/li>\n<li style=\"font-weight: 400;\" aria-level=\"1\"><span style=\"font-weight: 400;\">Duraci\u00f3n de la visita<\/span><\/li>\n<\/ul>\n<p><b>Funclima <\/b><span style=\"font-weight: 400;\">no utiliza los datos personales para venderlos o cederlos a terceros. Queremos a nuestros usuarios, nos queremos a nosotros mismos en un ejercicio de idolatr\u00eda, por tanto no nos gusta que nos lo hicieran por tanto, no lo hacemos.<\/span><\/p>\n<p><span style=\"font-weight: 400;\">Podr\u00e1s estar seguro de que tus datos no ser\u00e1n utilizados para otra finalidad que las que nos has dado con tu consentimiento expreso.<\/span><\/p>\n<p><span style=\"font-weight: 400;\">\u00a0<\/span><\/p>\n<h3><b>Sistemas utilizados y finalidad de los datos solicitados<\/b><\/h3>\n<p><span style=\"font-weight: 400;\">Los sistemas utilizados en esta web para solicitar los datos de sus usuarios, como la finalidad de los mismos son:<\/span><\/p>\n<ul>\n<li style=\"font-weight: 400;\" aria-level=\"1\"><b>Formulario de contacto<\/b><span style=\"font-weight: 400;\">: Cuando te pones en contacto con nosotros mediante los distintos formularios de la web para solicitar informaci\u00f3n, dudas, establecer relaci\u00f3n profesional, etc. Los datos solicitados son Nombre, email y tel\u00e9fono (de manera opcional) y el mensaje que quieras escribir. La finalidad ser\u00e1 responder a los mismos por ello le solicitamos el email y nombre para poder contestarles.<\/span><\/li>\n<\/ul>\n<p><span style=\"font-weight: 400;\">La herramienta utilizada para este fin es wordpress, que es nuestro proveedor para gesti\u00f3n de usuarios. La informaci\u00f3n que nos facilitas est\u00e1 alojada en nuestros servidores y estos est\u00e1n alojados en la UE.<\/span><\/p>\n<ul>\n<li style=\"font-weight: 400;\" aria-level=\"1\"><b>Formulario de suscripci\u00f3n al bolet\u00edn de contenidos (newsletter)<\/b><span style=\"font-weight: 400;\">. Cuando desees suscribirte a nuestros contenidos ofrecidos en nuestro blog. Los datos solicitados son nombre y direcci\u00f3n de correo electr\u00f3nico con la finalidad de poder mandar a nuestros suscriptores el contenido que publicamos peri\u00f3dicamente a la bandeja de entrada de sus correos electr\u00f3nicos.<\/span><\/li>\n<\/ul>\n<p><span style=\"font-weight: 400;\">La herramienta o sistema utilizado para este fin es WordPress, que es nuestro proveedor de email marketing.\u00a0 La informaci\u00f3n que nos facilitas est\u00e1 alojada en nuestros servidores y estos est\u00e1n ubicados en la UE.<\/span><\/p>\n<ul>\n<li style=\"font-weight: 400;\" aria-level=\"1\"><b>Formularios de registro de comentarios<\/b><span style=\"font-weight: 400;\">. Cuando desees realizar un comentario en los diferentes art\u00edculos del blog. Los datos solicitados son el Nombre y el email con la finalidad de que pueda ejercer su derecho de comentar cualquier aspecto del art\u00edculo. Ni m\u00e0s ni menos.<\/span><\/li>\n<\/ul>\n<p><span style=\"font-weight: 400;\">La herramienta o sistema utilizado es WordPress y los datos son almacenados en nuestros servidores y estos est\u00e1n ubicados en la UE.<\/span><\/p>\n<ul>\n<li style=\"list-style-type: none;\">\n<ul>\n<li style=\"font-weight: 400;\" aria-level=\"1\"><b>Formulario de descarga de contenidos<\/b><span style=\"font-weight: 400;\">: Cuando desees descargar contenido que publicamos previo registro. Los datos que solicitamos son nombre, empresa y correo electr\u00f3nico con la finalidad mejorar la experiencia de usuario de esta p\u00e1gina web, enviarte informaci\u00f3n por correo electr\u00f3nico u otros medios para facilitarte comunicaciones de marketing personalizadas \u00fanica y exclusivamente de Funclima, en ning\u00fan caso de terceros, que creemos puede ser de tu inter\u00e9s.<\/span><\/li>\n<\/ul>\n<\/li>\n<\/ul>\n<ul>\n<li aria-level=\"1\"><b>Formulario de registro para compras y env\u00edos<\/b><\/li>\n<\/ul>\n<p><span style=\"font-weight: 400;\">Cuando vas a realizar una compra te pedimos los datos necesarios para poder facturar y enviarte tu pedido.<\/span><\/p>\n<p><span style=\"font-weight: 400;\">La herramienta utilizada para este fin es wordpress, que es nuestro proveedor para gesti\u00f3n de usuarios. La informaci\u00f3n que nos facilitas est\u00e1 alojada en nuestros servidores y estos est\u00e1n alojados en la UE.<\/span><\/p>\n<p>&nbsp;<\/p>\n<p><span style=\"font-weight: 400;\">La herramienta o sistema utilizado para este fin es WordPress, que es nuestro proveedor de email marketing.\u00a0 La informaci\u00f3n que nos facilitas est\u00e1 alojada en nuestros servidores y estos est\u00e1n ubicados en la UE.<\/span><\/p>\n<p><span style=\"font-weight: 400;\">Tambi\u00e9n <\/span><b>recabamos datos no identificativos a trav\u00e9s de las cookies<\/b><span style=\"font-weight: 400;\">. Cuando el usuario visita est\u00e1 p\u00e1gina se almacenan cookies, datos no identificativos, pero si de navegaci\u00f3n con la finalidad de medir el comportamiento que hace el usuario en nuestra p\u00e1gina web (Funclima) y que detallamos en la pol\u00edtica de cookies.<\/span><\/p>\n<p><span style=\"font-weight: 400;\">El sistema o herramienta utilizado es Google analytics, servicio prestado por Google INC. Estos datos est\u00e1n almacenados en sus servidores que est\u00e1n ubicados en EEUU, y siguen y cumplen\u00a0 las directrices de la UE.<\/span><\/p>\n<p><span style=\"font-weight: 400;\">\u00a0<\/span><\/p>\n<h3><b>Derechos del usuario<\/b><\/h3>\n<p><span style=\"font-weight: 400;\">Bajo el cumplimiento de la RGPD Funclima S.L<\/span><b> declara que es responsable de los datos personales del usuario<\/b><span style=\"font-weight: 400;\"> y que no se utilizar\u00e1n para ninguna finalidad que no haya sido identificada y declarada anteriormente en esta pol\u00edtica de privacidad.<\/span><\/p>\n<p><span style=\"font-weight: 400;\">De igual forma, en cualquier momento, el usuario puede ejercer su derecho de solicitar, rectificar la informaci\u00f3n y la solicitud del permiso (como los hemos obtenido) de sus datos personales.<\/span><\/p>\n<p><span style=\"font-weight: 400;\">Estos datos ser\u00e1n almacenados por Funclima hasta que el usuario solicite su eliminaci\u00f3n.<\/span><\/p>\n<p><span style=\"font-weight: 400;\">Al ser datos sensibles y personales debe de dirigirse por el interesado personalmente a los propietarios de esta web Funclima a trav\u00e9s de:<\/span><\/p>\n<p><b>Correo ordinario:<\/b><\/p>\n<p><span style=\"font-weight: 400;\">Funclima<\/span><\/p>\n<p><span style=\"font-weight: 400;\">Funclima S.L<\/span><\/p>\n<p><span style=\"font-weight: 400;\">C\/ Periodista Barrios Talavera N\u00ba6, 18014 Granada<\/span><\/p>\n<p><b>Email:<\/b><span style=\"font-weight: 400;\"> fanclimaevent@gmail.com<\/span><\/p>\n<p><span style=\"font-weight: 400;\">Incluyendo sus datos identificativos (fotocopia DNI) con el asunto Pol\u00edtica de privacidad para ejercer su derecho de <\/span><b>solicitud de acceso, rectificaci\u00f3n, cancelaci\u00f3n y oposici\u00f3n.<\/b><\/p>\n<p><span style=\"font-weight: 400;\">\u00a0<\/span><\/p>\n<h3><b>Legitimaci\u00f3n de los datos.<\/b><\/h3>\n<p><span style=\"font-weight: 400;\">Debes conocer que la base legal para el tratamiento de tus datos, es tu consentimiento.<\/span><\/p>\n<p><b>Sin tu consentimiento no es posible que pudi\u00e9ramos tratar tus datos.\u00a0<\/b><\/p>\n<p><span style=\"font-weight: 400;\">Para contactar, suscribirte,\u00a0 comentar, descargar o utilizar nuestros servicios es necesario tu consentimiento expreso con esta pol\u00edtica de privacidad.<\/span><\/p>\n<p><span style=\"font-weight: 400;\">Toda la informaci\u00f3n que recibes de Funclima est\u00e1 basada en este consentimiento que se te solicita con anterioridad.<\/span><\/p>\n<p><span style=\"font-weight: 400;\">El usuario debe saber que \u00e9l es el responsable de la veracidad de los datos que facilita.<\/span><\/p>\n<p><span style=\"font-weight: 400;\">Por tanto al facilitar la informaci\u00f3n el usuario acepta aportar datos correctos.<\/span><\/p>\n<p><span style=\"font-weight: 400;\">\u00a0<\/span><\/p>\n<h3><b>Aceptaci\u00f3n y consentimiento<\/b><\/h3>\n<p><span style=\"font-weight: 400;\">Como <\/span><b>una pol\u00edtica de privacidad es un contrato entre el usuario y la empresa<\/b><span style=\"font-weight: 400;\">, en este caso, Funclima, para poder entendernos es necesario que hayas le\u00eddo y est\u00e9s conforme con estas condiciones sobre la protecci\u00f3n de datos de car\u00e1cter personal, aceptando y consintiendo el tratamiento de los mismos por parte de Funclima S.L, en la forma y para las finalidades indicadas en esta pol\u00edtica y en el aviso legal.<\/span><\/p>\n<p><span style=\"font-weight: 400;\">\u00a0<\/span><\/p>\n<h3><b>Cambios en la pol\u00edtica de privacidad<\/b><\/h3>\n<p><span style=\"font-weight: 400;\">Como responsables de esta web, nos reservamos el derecho a modificar la presente pol\u00edtica para adaptarla a novedades legislativas o jurisprudenciales, as\u00ed como a pr\u00e1cticas de la industria.<\/span><\/p>\n<p><span style=\"font-weight: 400;\">En dichos supuestos, anunciaremos en esta p\u00e1gina los cambios introducidos con razonable antelaci\u00f3n a su puesta en pr\u00e1ctica.<\/span><\/p>\n<p><span style=\"font-weight: 400;\">\u00a0<\/span><\/p>\n<h3><b>Correo comerciales<\/b><\/h3>\n<p><span style=\"font-weight: 400;\">De acuerdo con la LSSICE, Funclima S.L<\/span><b>. no realiza pr\u00e1cticas de SPAM<\/b><span style=\"font-weight: 400;\">, por lo que no env\u00eda correos comerciales por v\u00eda electr\u00f3nica que no hayan sido previamente solicitados o autorizados por el Usuario. En consecuencia, en cada uno de los formularios que puedes encontrar en la P\u00e1gina Web, el Usuario tiene la posibilidad de dar su consentimiento expreso para recibir nuestra newsletter, con independencia de la informaci\u00f3n comercial puntualmente solicitada.<\/span><\/p>","protected":false},"excerpt":{"rendered":"<p>En la pol\u00edtica de privacidad en la que est\u00e1s, y que hemos redactado para que nuestros usuarios puedan tener conocimiento y navegar con la tranquilidad de saber qu\u00e9, d\u00f3nde, c\u00f3mo y por qu\u00e9 se les solicitan los datos. Para ello redactamos esta pol\u00edtica de privacidad, adem\u00e1s de ser un requisito obligatorio para cualquier web que [&hellip;]<\/p>","protected":false},"author":3,"featured_media":0,"parent":0,"menu_order":0,"comment_status":"closed","ping_status":"open","template":"","meta":{"footnotes":""},"class_list":["post-517","page","type-page","status-publish","hentry"],"_links":{"self":[{"href":"https:\/\/funclima.com\/en\/wp-json\/wp\/v2\/pages\/517","targetHints":{"allow":["GET"]}}],"collection":[{"href":"https:\/\/funclima.com\/en\/wp-json\/wp\/v2\/pages"}],"about":[{"href":"https:\/\/funclima.com\/en\/wp-json\/wp\/v2\/types\/page"}],"author":[{"embeddable":true,"href":"https:\/\/funclima.com\/en\/wp-json\/wp\/v2\/users\/3"}],"replies":[{"embeddable":true,"href":"https:\/\/funclima.com\/en\/wp-json\/wp\/v2\/comments?post=517"}],"version-history":[{"count":1,"href":"https:\/\/funclima.com\/en\/wp-json\/wp\/v2\/pages\/517\/revisions"}],"predecessor-version":[{"id":518,"href":"https:\/\/funclima.com\/en\/wp-json\/wp\/v2\/pages\/517\/revisions\/518"}],"wp:attachment":[{"href":"https:\/\/funclima.com\/en\/wp-json\/wp\/v2\/media?parent=517"}],"curies":[{"name":"wp","href":"https:\/\/api.w.org\/{rel}","templated":true}]}}