{"id":631,"date":"2024-09-13T11:43:11","date_gmt":"2024-09-13T09:43:11","guid":{"rendered":"https:\/\/funclima.com\/?page_id=631"},"modified":"2024-09-23T18:50:13","modified_gmt":"2024-09-23T16:50:13","slug":"declaracion-de-accesibilidad","status":"publish","type":"page","link":"https:\/\/funclima.com\/en\/declaracion-de-accesibilidad\/","title":{"rendered":"Declaraci\u00f3n de accesibilidad"},"content":{"rendered":"<div data-elementor-type=\"wp-page\" data-elementor-id=\"631\" class=\"elementor elementor-631\" data-elementor-post-type=\"page\">\n\t\t\t\t<div class=\"elementor-element elementor-element-297979c8 e-flex e-con-boxed e-con e-parent\" data-id=\"297979c8\" data-element_type=\"container\">\n\t\t\t\t\t<div class=\"e-con-inner\">\n\t\t\t\t<div class=\"elementor-element elementor-element-17e0444 elementor-widget elementor-widget-text-editor\" data-id=\"17e0444\" data-element_type=\"widget\" data-widget_type=\"text-editor.default\">\n\t\t\t\t<div class=\"elementor-widget-container\">\n\t\t\t\t\t\t\t\t\t<div class=\"ql-block\" data-block-id=\"block-9dc0cc4b-bd0c-4638-b5df-fac7b0dbbd59\">Nuestro sitio web funclima.com<span class=\"ql-bg-yellow\">\u00a0<\/span>ha sido dise\u00f1ado y desarrollado con el objetivo de ser accesible para todos los usuarios, independientemente de sus habilidades o discapacidades. Hemos seguido las normas y est\u00e1ndares de accesibilidad establecidos por el Web Content Accessibility Guidelines (WCAG) 2.1 para garantizar que nuestro sitio sea f\u00e1cil de usar para todos.<\/div>\r\n<div class=\"ql-block\" data-block-id=\"block-d954ff9d-de4d-4383-80db-0b3fc48530e1\">Para lograr esto, hemos utilizado el sistema de gesti\u00f3n de contenidos WordPress, as\u00ed como los plugins Elementor y Wp Accessibility. Estos plugins nos han permitido crear una interfaz de usuario intuitiva y f\u00e1cil de navegar, y tambi\u00e9n han proporcionado funciones espec\u00edficas de accesibilidad, como la posibilidad de aumentar el tama\u00f1o del texto, cambiar los colores de la interfaz y utilizar la navegaci\u00f3n por teclado.<\/div>\r\n<div class=\"ql-block\" data-block-id=\"block-0233f9cc-b7e4-4d03-9910-123e28ecbee3\">Si tiene alg\u00fan problema para acceder a la informaci\u00f3n en nuestro sitio, o si encuentra alg\u00fan error, por favor cont\u00e1ctenos a trav\u00e9s de nuestro correo electr\u00f3nico fanclimaevent@gmail.comi<span class=\"ql-bg-yellow\">.<\/span> Haremos todo lo posible para proporcionarle la informaci\u00f3n de la forma que mejor se adapte a sus necesidades.<\/div>\r\n<div class=\"ql-block\" data-block-id=\"block-4792b413-6807-46bb-8121-11c761974b08\">Estamos comprometidos a mejorar continuamente la accesibilidad de nuestro sitio y agradecemos cualquier comentario o sugerencia que pueda tener.<\/div>\r\n<div class=\"ql-block\" data-block-id=\"block-f569b3ac-8970-457d-ab66-bcccaa00ab5c\">Fecha de la \u00faltima revisi\u00f3n: <span class=\"ql-bg-yellow\">30-09-2024<\/span><\/div>\t\t\t\t\t\t\t\t<\/div>\n\t\t\t\t<\/div>\n\t\t\t\t\t<\/div>\n\t\t\t\t<\/div>\n\t\t\t\t<\/div>","protected":false},"excerpt":{"rendered":"<p>Nuestro sitio web funclima.com\u00a0ha sido dise\u00f1ado y desarrollado con el objetivo de ser accesible para todos los usuarios, independientemente de sus habilidades o discapacidades. Hemos seguido las normas y est\u00e1ndares de accesibilidad establecidos por el Web Content Accessibility Guidelines (WCAG) 2.1 para garantizar que nuestro sitio sea f\u00e1cil de usar para todos. Para lograr esto, [&hellip;]<\/p>","protected":false},"author":3,"featured_media":78,"parent":0,"menu_order":0,"comment_status":"closed","ping_status":"closed","template":"","meta":{"footnotes":""},"class_list":["post-631","page","type-page","status-publish","has-post-thumbnail","hentry"],"_links":{"self":[{"href":"https:\/\/funclima.com\/en\/wp-json\/wp\/v2\/pages\/631","targetHints":{"allow":["GET"]}}],"collection":[{"href":"https:\/\/funclima.com\/en\/wp-json\/wp\/v2\/pages"}],"about":[{"href":"https:\/\/funclima.com\/en\/wp-json\/wp\/v2\/types\/page"}],"author":[{"embeddable":true,"href":"https:\/\/funclima.com\/en\/wp-json\/wp\/v2\/users\/3"}],"replies":[{"embeddable":true,"href":"https:\/\/funclima.com\/en\/wp-json\/wp\/v2\/comments?post=631"}],"version-history":[{"count":4,"href":"https:\/\/funclima.com\/en\/wp-json\/wp\/v2\/pages\/631\/revisions"}],"predecessor-version":[{"id":635,"href":"https:\/\/funclima.com\/en\/wp-json\/wp\/v2\/pages\/631\/revisions\/635"}],"wp:featuredmedia":[{"embeddable":true,"href":"https:\/\/funclima.com\/en\/wp-json\/wp\/v2\/media\/78"}],"wp:attachment":[{"href":"https:\/\/funclima.com\/en\/wp-json\/wp\/v2\/media?parent=631"}],"curies":[{"name":"wp","href":"https:\/\/api.w.org\/{rel}","templated":true}]}}